{"id":518,"date":"2024-04-02T13:47:45","date_gmt":"2024-04-02T10:47:45","guid":{"rendered":"https:\/\/www.mqrazors.com\/?page_id=518"},"modified":"2024-10-18T11:52:57","modified_gmt":"2024-10-18T08:52:57","slug":"frontpage","status":"publish","type":"page","link":"https:\/\/mqrazors.com\/fr\/","title":{"rendered":"Frontpage"},"content":{"rendered":"","protected":false},"excerpt":{"rendered":"","protected":false},"author":1,"featured_media":0,"parent":0,"menu_order":0,"comment_status":"closed","ping_status":"closed","template":"template_fp.php","meta":{"_acf_changed":false,"footnotes":""},"class_list":["post-518","page","type-page","status-publish","hentry"],"acf":[],"yoast_head":"<!-- This site is optimized with the Yoast SEO plugin v26.6 - https:\/\/yoast.com\/wordpress\/plugins\/seo\/ -->\n<title>Fabrication de Rasoirs | MQ Razors<\/title>\n<meta name=\"description\" content=\"D\u00e9couvrez chez MQ Corporation la fabrication de rasoirs combinant design scandinave, ing\u00e9nierie allemande de pointe et mat\u00e9riaux de haute qualit\u00e9 pour un rasage de luxe in\u00e9gal\u00e9.\" \/>\n<meta name=\"robots\" content=\"index, follow, max-snippet:-1, max-image-preview:large, max-video-preview:-1\" \/>\n<link rel=\"canonical\" href=\"https:\/\/mqrazors.com\/fr\/\" \/>\n<meta property=\"og:locale\" content=\"fr_FR\" \/>\n<meta property=\"og:type\" content=\"article\" \/>\n<meta property=\"og:title\" content=\"Fabrication de Rasoirs | MQ Razors\" \/>\n<meta property=\"og:description\" content=\"D\u00e9couvrez chez MQ Corporation la fabrication de rasoirs combinant design scandinave, ing\u00e9nierie allemande de pointe et mat\u00e9riaux de haute qualit\u00e9 pour un rasage de luxe in\u00e9gal\u00e9.\" \/>\n<meta property=\"og:url\" content=\"https:\/\/mqrazors.com\/fr\/\" \/>\n<meta property=\"og:site_name\" content=\"MQ Razors\" \/>\n<meta property=\"article:modified_time\" content=\"2024-10-18T08:52:57+00:00\" \/>\n<meta name=\"twitter:card\" content=\"summary_large_image\" \/>\n<script type=\"application\/ld+json\" class=\"yoast-schema-graph\">{\"@context\":\"https:\/\/schema.org\",\"@graph\":[{\"@type\":\"WebPage\",\"@id\":\"https:\/\/mqrazors.com\/fr\/\",\"url\":\"https:\/\/mqrazors.com\/fr\/\",\"name\":\"Fabrication de Rasoirs | MQ Razors\",\"isPartOf\":{\"@id\":\"https:\/\/mqrazors.com\/fr\/#website\"},\"datePublished\":\"2024-04-02T10:47:45+00:00\",\"dateModified\":\"2024-10-18T08:52:57+00:00\",\"description\":\"D\u00e9couvrez chez MQ Corporation la fabrication de rasoirs combinant design scandinave, ing\u00e9nierie allemande de pointe et mat\u00e9riaux de haute qualit\u00e9 pour un rasage de luxe in\u00e9gal\u00e9.\",\"breadcrumb\":{\"@id\":\"https:\/\/mqrazors.com\/fr\/#breadcrumb\"},\"inLanguage\":\"fr-FR\",\"potentialAction\":[{\"@type\":\"ReadAction\",\"target\":[\"https:\/\/mqrazors.com\/fr\/\"]}]},{\"@type\":\"BreadcrumbList\",\"@id\":\"https:\/\/mqrazors.com\/fr\/#breadcrumb\",\"itemListElement\":[{\"@type\":\"ListItem\",\"position\":1,\"name\":\"Home\",\"item\":\"https:\/\/mqrazors.com\/fr\/\"},{\"@type\":\"ListItem\",\"position\":2,\"name\":\"Frontpage\"}]},{\"@type\":\"WebSite\",\"@id\":\"https:\/\/mqrazors.com\/fr\/#website\",\"url\":\"https:\/\/mqrazors.com\/fr\/\",\"name\":\"MQ Razors\",\"description\":\"\",\"potentialAction\":[{\"@type\":\"SearchAction\",\"target\":{\"@type\":\"EntryPoint\",\"urlTemplate\":\"https:\/\/mqrazors.com\/fr\/?s={search_term_string}\"},\"query-input\":{\"@type\":\"PropertyValueSpecification\",\"valueRequired\":true,\"valueName\":\"search_term_string\"}}],\"inLanguage\":\"fr-FR\"}]}<\/script>\n<!-- \/ Yoast SEO plugin. -->","yoast_head_json":{"title":"Fabrication de Rasoirs | MQ Razors","description":"D\u00e9couvrez chez MQ Corporation la fabrication de rasoirs combinant design scandinave, ing\u00e9nierie allemande de pointe et mat\u00e9riaux de haute qualit\u00e9 pour un rasage de luxe in\u00e9gal\u00e9.","robots":{"index":"index","follow":"follow","max-snippet":"max-snippet:-1","max-image-preview":"max-image-preview:large","max-video-preview":"max-video-preview:-1"},"canonical":"https:\/\/mqrazors.com\/fr\/","og_locale":"fr_FR","og_type":"article","og_title":"Fabrication de Rasoirs | MQ Razors","og_description":"D\u00e9couvrez chez MQ Corporation la fabrication de rasoirs combinant design scandinave, ing\u00e9nierie allemande de pointe et mat\u00e9riaux de haute qualit\u00e9 pour un rasage de luxe in\u00e9gal\u00e9.","og_url":"https:\/\/mqrazors.com\/fr\/","og_site_name":"MQ Razors","article_modified_time":"2024-10-18T08:52:57+00:00","twitter_card":"summary_large_image","schema":{"@context":"https:\/\/schema.org","@graph":[{"@type":"WebPage","@id":"https:\/\/mqrazors.com\/fr\/","url":"https:\/\/mqrazors.com\/fr\/","name":"Fabrication de Rasoirs | MQ Razors","isPartOf":{"@id":"https:\/\/mqrazors.com\/fr\/#website"},"datePublished":"2024-04-02T10:47:45+00:00","dateModified":"2024-10-18T08:52:57+00:00","description":"D\u00e9couvrez chez MQ Corporation la fabrication de rasoirs combinant design scandinave, ing\u00e9nierie allemande de pointe et mat\u00e9riaux de haute qualit\u00e9 pour un rasage de luxe in\u00e9gal\u00e9.","breadcrumb":{"@id":"https:\/\/mqrazors.com\/fr\/#breadcrumb"},"inLanguage":"fr-FR","potentialAction":[{"@type":"ReadAction","target":["https:\/\/mqrazors.com\/fr\/"]}]},{"@type":"BreadcrumbList","@id":"https:\/\/mqrazors.com\/fr\/#breadcrumb","itemListElement":[{"@type":"ListItem","position":1,"name":"Home","item":"https:\/\/mqrazors.com\/fr\/"},{"@type":"ListItem","position":2,"name":"Frontpage"}]},{"@type":"WebSite","@id":"https:\/\/mqrazors.com\/fr\/#website","url":"https:\/\/mqrazors.com\/fr\/","name":"MQ Razors","description":"","potentialAction":[{"@type":"SearchAction","target":{"@type":"EntryPoint","urlTemplate":"https:\/\/mqrazors.com\/fr\/?s={search_term_string}"},"query-input":{"@type":"PropertyValueSpecification","valueRequired":true,"valueName":"search_term_string"}}],"inLanguage":"fr-FR"}]}},"_links":{"self":[{"href":"https:\/\/mqrazors.com\/fr\/wp-json\/wp\/v2\/pages\/518","targetHints":{"allow":["GET"]}}],"collection":[{"href":"https:\/\/mqrazors.com\/fr\/wp-json\/wp\/v2\/pages"}],"about":[{"href":"https:\/\/mqrazors.com\/fr\/wp-json\/wp\/v2\/types\/page"}],"author":[{"embeddable":true,"href":"https:\/\/mqrazors.com\/fr\/wp-json\/wp\/v2\/users\/1"}],"replies":[{"embeddable":true,"href":"https:\/\/mqrazors.com\/fr\/wp-json\/wp\/v2\/comments?post=518"}],"version-history":[{"count":21,"href":"https:\/\/mqrazors.com\/fr\/wp-json\/wp\/v2\/pages\/518\/revisions"}],"predecessor-version":[{"id":1272,"href":"https:\/\/mqrazors.com\/fr\/wp-json\/wp\/v2\/pages\/518\/revisions\/1272"}],"wp:attachment":[{"href":"https:\/\/mqrazors.com\/fr\/wp-json\/wp\/v2\/media?parent=518"}],"curies":[{"name":"wp","href":"https:\/\/api.w.org\/{rel}","templated":true}]}}